{"id":144,"date":"2017-08-30T17:29:40","date_gmt":"2017-08-30T17:29:40","guid":{"rendered":"http:\/\/localhost\/wordpress\/?page_id=144"},"modified":"2020-02-18T22:32:48","modified_gmt":"2020-02-18T22:32:48","slug":"noticias","status":"publish","type":"page","link":"https:\/\/asosenepolcolombia.com\/portal2\/noticias\/","title":{"rendered":"Noticias"},"content":{"rendered":"<p>[vc_row][vc_column width=&#8221;1\/2&#8243;][vc_column_text]<\/p>\n<h3 style=\"text-align: center;\"><span style=\"color: #800000;\"><strong>Industria paga bonificaci\u00f3n por animales media-sangre Senepol<\/strong><\/span><\/h3>\n<p>[\/vc_column_text][vc_single_image image=&#8221;1820&#8243; img_size=&#8221;420&#215;350&#8243; alignment=&#8221;center&#8221; onclick=&#8221;custom_link&#8221; css_animation=&#8221;fadeInDown&#8221; link=&#8221;http:\/\/asosenepolcolombia.com\/portal2\/industria-paga-bonificacion-por-animales&#8221;][vc_column_text]<\/p>\n<p style=\"text-align: justify;\">Una investigaci\u00f3n realizada por Scot Consultoria en 20 estados brasileros constata que la industria frigor\u00edfica viene pagando espont\u00e1neamente bonificaciones para ganaderos que trabajan con la raza Senepol.<\/p>\n<p>[\/vc_column_text][\/vc_column][vc_column width=&#8221;1\/2&#8243;][vc_column_text]<\/p>\n<h3 style=\"text-align: center;\"><strong><span style=\"color: #800000;\">Ganado Senepol logra un rendimiento en canal del 61 %<\/span><\/strong><\/h3>\n<p>[\/vc_column_text][vc_single_image image=&#8221;1865&#8243; img_size=&#8221;420&#215;350&#8243; alignment=&#8221;center&#8221; onclick=&#8221;custom_link&#8221; css_animation=&#8221;fadeInDown&#8221; link=&#8221; http:\/\/asosenepolcolombia.com\/portal2\/entrevista-contexto-ganadero\/ &#8220;][vc_column_text]Asosenepol controla la consanguinidad de esta raza que alberga 4.000 ejemplares puros en Colombia. Cualquier animal comercial cruzado con la gen\u00e9tica Senepol, adquiere mayor producci\u00f3n c\u00e1rnica, se\u00f1ala la Asociaci\u00f3n. (Fuente:\u00a0http:\/\/www.contextoganadero.com)[\/vc_column_text][\/vc_column][\/vc_row][vc_row][vc_column width=&#8221;1\/2&#8221;][vc_column_text]<\/p>\n<h3 style=\"text-align: center;\"><strong><span style=\"color: #800000;\">Las bondades de la raza Senepol<\/span><\/strong><\/h3>\n<p>[\/vc_column_text][vc_single_image image=&#8221;1933&#8243; img_size=&#8221;420&#215;350&#8243; alignment=&#8221;center&#8221; onclick=&#8221;custom_link&#8221; link=&#8221;http:\/\/asosenepolcolombia.com\/portal2\/contexto-ganadero-las-bondades-de-la-raza-senepol\/&#8221;][vc_column_text]La raza tiene\u00a0gran tolerancia al calor y resistencia a enfermedades.\u00a0Habilidades maternas como lo son partos anuales, adecuado suministro de leche y pocos problemas al parir, se han convertido en las banderas de esta raza.\u00a0Fue desarrollado como un cruce de doble prop\u00f3sito, pero en a\u00f1os posteriores ha tenido m\u00e1s tendencia hacia la producci\u00f3n de carne. Fuente:\u00a0<em>http:\/\/www.contextoganadero.com\/ganaderia-sostenible\/las-bondades-de-la-raza-senepol<\/em>[\/vc_column_text][\/vc_column][vc_column width=&#8221;1\/2&#8243;][\/vc_column][\/vc_row]<\/p>\n","protected":false},"excerpt":{"rendered":"<p>[vc_row][vc_column width=&#8221;1\/2&#8243;][vc_column_text] Industria paga bonificaci\u00f3n por animales media-sangre Senepol [\/vc_column_text][vc_single_image image=&#8221;1820&#8243; img_size=&#8221;420&#215;350&#8243; alignment=&#8221;center&#8221; onclick=&#8221;custom_link&#8221; css_animation=&#8221;fadeInDown&#8221; link=&#8221;http:\/\/asosenepolcolombia.com\/portal2\/industria-paga-bonificacion-por-animales&#8221;][vc_column_text] Una investigaci\u00f3n realizada por Scot Consultoria en 20 estados brasileros constata que la industria frigor\u00edfica viene pagando espont\u00e1neamente bonificaciones para ganaderos que trabajan con la raza Senepol. [\/vc_column_text][\/vc_column][vc_column width=&#8221;1\/2&#8243;][vc_column_text] Ganado Senepol logra un rendimiento en canal del 61 %&hellip; <a href=\"https:\/\/asosenepolcolombia.com\/portal2\/noticias\/\" class=\"more-link\">Continue reading <span class=\"screen-reader-text\">Noticias<\/span><\/a><\/p>\n","protected":false},"author":1,"featured_media":0,"parent":0,"menu_order":0,"comment_status":"closed","ping_status":"closed","template":"","meta":{"footnotes":""},"categories":[26],"class_list":["post-144","page","type-page","status-publish","hentry","category-publicaciones","without-featured-image"],"_links":{"self":[{"href":"https:\/\/asosenepolcolombia.com\/portal2\/wp-json\/wp\/v2\/pages\/144","targetHints":{"allow":["GET"]}}],"collection":[{"href":"https:\/\/asosenepolcolombia.com\/portal2\/wp-json\/wp\/v2\/pages"}],"about":[{"href":"https:\/\/asosenepolcolombia.com\/portal2\/wp-json\/wp\/v2\/types\/page"}],"author":[{"embeddable":true,"href":"https:\/\/asosenepolcolombia.com\/portal2\/wp-json\/wp\/v2\/users\/1"}],"replies":[{"embeddable":true,"href":"https:\/\/asosenepolcolombia.com\/portal2\/wp-json\/wp\/v2\/comments?post=144"}],"version-history":[{"count":57,"href":"https:\/\/asosenepolcolombia.com\/portal2\/wp-json\/wp\/v2\/pages\/144\/revisions"}],"predecessor-version":[{"id":1941,"href":"https:\/\/asosenepolcolombia.com\/portal2\/wp-json\/wp\/v2\/pages\/144\/revisions\/1941"}],"wp:attachment":[{"href":"https:\/\/asosenepolcolombia.com\/portal2\/wp-json\/wp\/v2\/media?parent=144"}],"wp:term":[{"taxonomy":"category","embeddable":true,"href":"https:\/\/asosenepolcolombia.com\/portal2\/wp-json\/wp\/v2\/categories?post=144"}],"curies":[{"name":"wp","href":"https:\/\/api.w.org\/{rel}","templated":true}]}}