{"id":1860,"date":"2018-02-21T15:57:58","date_gmt":"2018-02-21T15:57:58","guid":{"rendered":"http:\/\/asosenepolcolombia.com\/portal2\/?page_id=1860"},"modified":"2018-02-21T16:03:25","modified_gmt":"2018-02-21T16:03:25","slug":"industria-paga-bonificacion-por-animales","status":"publish","type":"page","link":"https:\/\/asosenepolcolombia.com\/portal2\/industria-paga-bonificacion-por-animales\/","title":{"rendered":"Industria"},"content":{"rendered":"<div class=\"vc_row vc_row\"><div class=\"vc_column vc_column\"><div class=\"vc_column_text\"><\/p>\n<h1 style=\"text-align: center;\"><span style=\"color: #800000;\"><strong>Industria paga bonificaci\u00f3n por animales media-sangre Senepol<\/strong><\/span><\/h1>\n<p><\/div><div class=\"vc_column_text\"><\/p>\n<h4 style=\"text-align: center;\"><span style=\"color: #800000;\">Una investigaci\u00f3n de\u00a0 Scot Consultoria constata que los frigor\u00edficos vienen pagando espont\u00e1neamente bonificaciones a los ganaderos que que trabajan con la raza.<\/span><\/h4>\n<p><\/div><div class=\"vc_single_image_wrap\"><img width=\"825\" height=\"619\" src=\"https:\/\/asosenepolcolombia.com\/portal2\/wp-content\/uploads\/2017\/10\/Terneras-desteto-1-1024x768.jpg\" class=\"vc_single_image align-center\" alt=\"\" srcset=\"https:\/\/asosenepolcolombia.com\/portal2\/wp-content\/uploads\/2017\/10\/Terneras-desteto-1-1024x768.jpg 1024w, https:\/\/asosenepolcolombia.com\/portal2\/wp-content\/uploads\/2017\/10\/Terneras-desteto-1-300x225.jpg 300w, https:\/\/asosenepolcolombia.com\/portal2\/wp-content\/uploads\/2017\/10\/Terneras-desteto-1-768x576.jpg 768w, https:\/\/asosenepolcolombia.com\/portal2\/wp-content\/uploads\/2017\/10\/Terneras-desteto-1.jpg 2048w\" sizes=\"auto, (max-width: 825px) 100vw, 825px\" decoding=\"async\" loading=\"lazy\" \/><\/div><div class=\"vc_column_text\"><\/p>\n<p style=\"text-align: justify;\">Una investigaci\u00f3n realizada por Scot Consultoria en 20 estados brasileros constata que la industria frigor\u00edfica viene pagando espont\u00e1neamente bonificaciones para ganaderos que trabajan con la raza Senepol. El levantamiento ocurri\u00f3 entre los meses de agosto y octubre de 2017 e involucr\u00f3 a 304 productores rurales de sistemas de cria, recria, engorda y ciclo completo.<\/p>\n<p style=\"text-align: justify;\">Una investigaci\u00f3n realizada por Scot Consultoria en 20 estados brasileros constata que la industria frigor\u00edfica viene pagando espont\u00e1neamente bonificaciones para ganaderos que trabajan con la raza Senepol. El levantamiento ocurri\u00f3 entre los meses de agosto y octubre de 2017 e involucr\u00f3 a 304 productores rurales de sistemas de cria, recria, engorda y ciclo completo.<\/p>\n<p style=\"text-align: justify;\">De los entrevistados que opinaron sobre el pago de bonificaciones, 73,2% confirman recibir un bono. Los mayores fueron verificados de las ventas de novillas (media de 23%), buey magro (18%) y becerro (17,1%). \u201cEl resultado comprueba que a raza tiene buena aceptaci\u00f3n en el mercado. La industria est\u00e1 pagando de forma espont\u00e1nea primas por el media-sangre Senepol, incluso sin la existencia de un programa oficial de bonificaci\u00f3n en los frigor\u00edficos.\u201d, destaca el director de Scot Consultoria, Alcides Torres.<\/p>\n<p style=\"text-align: justify;\">Como las ganaderias deben continuar invirtiendo en animales cruzados en 2018, elevando la demanda de buey magro, Torres cree que el Senepol tiene las condiciones de atender bien a ese mercado en concordancia a los \u00edndices zoot\u00e9cnicos fijados por los entrevistados como grandes diferenciales de la raza. Un ejemplo es la mayor ganancia de peso de los becerros. \u201cLos animales media-sangre Senepol llegar a engordar casi una arroba por mes durante la fase de cr\u00eda y, a la hora de la venda, el productor obtiene una diferencia de peso de m\u00e1s de una arroba por animal en comparaci\u00f3n a otras razas.\u201d, explica.<\/p>\n<p style=\"text-align: justify;\">Segun la investigaci\u00f3n, entre las hembras Senepol, la media de peso al destete fue de 229,2 kg contra 207,3 de otras razas. La media de peso al destete registrada para los machos media-sangre fue de 244 kg contra a media de 224,3 kg de otras razas.<\/p>\n<p style=\"text-align: justify;\">La Scot Consultoria adem\u00e1s detect\u00f3 una reducci\u00f3n del ciclo de sacrificio en sistemas que utilizan media-sangre Senepol. Las hembras alcanzan el peso al sacrificio casi\u00a0 seis meses antes de las otras razas. Entre los machos media-sangre Senepol, la edad media al sacrificio es casi cinco meses menor.<\/p>\n<p style=\"text-align: justify;\">\u201cEs una raza joven, con apenas 17 anos de selecci\u00f3n en Brasil, pero precoz y que viene logrando atender las exigencias del mercado actual en relaci\u00f3n a la sostenibilidad, tanto del punto de vista econ\u00f3mico como ambiental. Y eso no es una conjetura de los productores.. Con la investigaci\u00f3n, la raza pasa a tener un lado cient\u00edfico importante que nortear\u00e1 con seguridad futuras decisiones de la ABCB Senepol.\u201d, revela el director de Scot Consultoria.<\/p>\n<p style=\"text-align: justify;\">Segundo, el resultado ser\u00e1 fundamental, por ejemplo, para el desenvolvimiento de proyectos de certificaci\u00f3n de carne Senepol junto a la industria frigor\u00edfica que sean capaces de atender tanto nichos espec\u00edficos, como el de carnes magras, como el mercado en general.<\/p>\n<p style=\"text-align: justify;\">\u201cEn los grandes centros urbanos, la mayor parte de la poblaci\u00f3n, incluso los ni\u00f1os, almuerzan fuera de casa, generando una demanda mayor por carne bovina. Un desaf\u00edo de Senepol ser\u00e1 consolidar su marca es estos dos mercados, trabajando no s\u00f3lo los cortes magros, pero mas en la carcasa como un todo.\u201d, dice Torres.<\/p>\n<p style=\"text-align: justify;\">De acuerdo con el presidente de ABCB Senepol, Pedro Crosara Gustin, la investiaci\u00f3n ser\u00e1 utilizada en varios proyectos dentro del Programa de Mejoramiento Gen\u00e9tico de Senepol (PMGS).<\/p>\n<p style=\"text-align: justify;\">\u201cQued\u00f3 comprobado que el Senepol realmente agrega valor a los productos del cruzamiento. El 93,2% de los entrevistados que respondieron a la encuesta dijeron tener la intenci\u00f3n de continuar utilizando animales Senepol puros o cruzados en sus sistemas de producci\u00f3n.\u201d, garantiza Gustin.<\/p>\n<p style=\"text-align: justify;\">La investigaci\u00f3n se\u00f1ala adem\u00e1s que las razas mas utilizadas en cruces con Senepol fueron, respectivamente, Nelore y Angus. La Senepol tambi\u00e9n ha sido bastante utilizado en Tri-h\u00edbridos, especialmente sobre las bases F-1 Nelore x Angus. Otros indicadores zoot\u00e9cnicos relevantes reportados por los\u00a0 entrevistados fueron precocidad y docilidad.<\/p>\n<p><\/div><\/div><\/div>\n","protected":false},"excerpt":{"rendered":"","protected":false},"author":1,"featured_media":0,"parent":0,"menu_order":0,"comment_status":"closed","ping_status":"closed","template":"","meta":{"footnotes":""},"categories":[],"class_list":["post-1860","page","type-page","status-publish","hentry","without-featured-image"],"_links":{"self":[{"href":"https:\/\/asosenepolcolombia.com\/portal2\/wp-json\/wp\/v2\/pages\/1860","targetHints":{"allow":["GET"]}}],"collection":[{"href":"https:\/\/asosenepolcolombia.com\/portal2\/wp-json\/wp\/v2\/pages"}],"about":[{"href":"https:\/\/asosenepolcolombia.com\/portal2\/wp-json\/wp\/v2\/types\/page"}],"author":[{"embeddable":true,"href":"https:\/\/asosenepolcolombia.com\/portal2\/wp-json\/wp\/v2\/users\/1"}],"replies":[{"embeddable":true,"href":"https:\/\/asosenepolcolombia.com\/portal2\/wp-json\/wp\/v2\/comments?post=1860"}],"version-history":[{"count":2,"href":"https:\/\/asosenepolcolombia.com\/portal2\/wp-json\/wp\/v2\/pages\/1860\/revisions"}],"predecessor-version":[{"id":1862,"href":"https:\/\/asosenepolcolombia.com\/portal2\/wp-json\/wp\/v2\/pages\/1860\/revisions\/1862"}],"wp:attachment":[{"href":"https:\/\/asosenepolcolombia.com\/portal2\/wp-json\/wp\/v2\/media?parent=1860"}],"wp:term":[{"taxonomy":"category","embeddable":true,"href":"https:\/\/asosenepolcolombia.com\/portal2\/wp-json\/wp\/v2\/categories?post=1860"}],"curies":[{"name":"wp","href":"https:\/\/api.w.org\/{rel}","templated":true}]}}