{"id":2116,"date":"2019-09-05T18:11:30","date_gmt":"2019-09-05T18:11:30","guid":{"rendered":"http:\/\/asosenepolcolombia.com\/portal2\/?page_id=2116"},"modified":"2024-06-26T01:32:13","modified_gmt":"2024-06-26T01:32:13","slug":"servicios-honorario","status":"publish","type":"page","link":"https:\/\/asosenepolcolombia.com\/portal2\/servicios-honorario\/","title":{"rendered":"Servicios Honorario"},"content":{"rendered":"<p>[vc_row][vc_column][vc_column_text]<\/p>\n<style type=\"text\/css\" media=\"screen\">\n  table {<br \/>border: 1px solid #ccc;<br \/>border-collapse: collapse;<br \/>margin: 0;<br \/>padding: 0;<br \/>width: 100%;<br \/>table-layout: fixed;<br \/>}<br \/>table caption {<br \/>font-size: 1.5em;<br \/>margin: .5em 0 .75em;<br \/>}<br \/>table tr {<br \/>background: #f8f8f8;<br \/>border: 1px solid;<br \/>padding: .35em;<br \/>}<br \/>table td.titulo{<br \/>background-color: rgb(252, 229, 215);<br \/>border: 1px solid;<br \/>}<br \/>table td.texto{<br \/>background-color: white;<br \/>border: 1px solid;<br \/>text-align: left;<br \/>}<br \/>table td.txtInd{<br \/>background-color: white;<br \/>border: 1px solid;<br \/>}<br \/>table strong.tlt{<br \/>color: rgb(162, 0, 0);<br \/>}<br \/>table th,<br \/>table td {<br \/>padding: .625em;<br \/>text-align: center;<br \/>}<br \/>table th {<br \/>font-size: .85em;<br \/>letter-spacing: .1em;<br \/>background-color: rgb(154, 0, 0);<br \/>color: white;<br \/>font-weight: bold;<br \/>}<br \/>@media screen and (max-width: 600px) {<br \/>table {<br \/>border: 0;<br \/>}<br \/>table caption {<br \/>font-size: 1.3em;<br \/>}<br \/>\/*table thead{<br \/>border: none;<br \/>clip: rect(0 0 0 0);<br \/>height: 1px;<br \/>margin: -1px;<br \/>overflow: hidden;<br \/>padding: 0;<br \/>position: absolute;<br \/>width: 1px;<br \/>}*\/<br \/>table tr {<br \/>border-bottom: 3px solid #ddd;<br \/>display: block;<br \/>margin-bottom: .625em;<br \/>}<br \/>table td {<br \/>border-bottom: 1px solid #ddd;<br \/>display: block;<br \/>font-size: .8em;<br \/>text-align: right;<br \/>}<br \/>table td.titulo{<\/p>\n<p>background-color: rgb(252, 229, 215);<br \/>border: 1px solid;<br \/>}<br \/>table td:before {<br \/>\/*<br \/>* aria-label has no advantage, it won't be read inside a table<br \/>content: attr(aria-label);<br \/>*\/<br \/>content: attr(data-label);<br \/>float: left;<br \/>font-weight: bold;<br \/>text-transform: uppercase;<br \/>}<br \/>table td:last-child {<br \/>border-bottom: 0;<br \/>}<br \/>}<\/p>\n<\/style>\n<div class=\"\">\n<h2 class=\"titulo\"><strong><span style=\"color: #800000;\">Miembro Honorario<\/span><\/strong><\/h2>\n<p class=\"txtServ\">Son ganaderos comerciales de la Asociaci\u00f3n, las personas naturales o jur\u00eddicas, que se dediquen a la ganader\u00eda, que deseen adquirir los servicios que presta la Asociaci\u00f3n, de acuerdo con lo dispuesto por la Junta Directiva y conforme lo estipulan los estatutos. Podr\u00e1n tener m\u00e1ximo 5 animales puros bajo esta figura.<\/p>\n<p><strong><span style=\"color: #800000;\">Dentro de su portafolio de servicios:<\/span><\/strong><br \/>\n<i class=\"fa fa-check-square-o\" aria-hidden=\"true\"><\/i>Podr\u00e1n asistir e intervenir en las Asambleas de Asociados, pero no tendr\u00e1n derecho a voto.<br \/>\n<i class=\"fa fa-check-square-o\" aria-hidden=\"true\"><\/i>Podr\u00e1n asistir a eventos organizados por la Asociaci\u00f3n con los mismos beneficios de los asociados.<br \/>\n<i class=\"fa fa-check-square-o\" aria-hidden=\"true\"><\/i>Tendr\u00e1n derecho a pautar en la p\u00e1gina web.<br \/>\n<i class=\"fa fa-check-square-o\" aria-hidden=\"true\"><\/i>Deber\u00e1n cumplir con lo estipulado en el Reglamento de Registros.<br \/>\n<i class=\"fa fa-circle\" aria-hidden=\"true\"><\/i> Los miembros honorarios no pagar\u00e1n cuota de sostenimiento.<\/p>\n<p><center><img decoding=\"async\" style=\"width: 50%;\" src=\"http:\/\/asosenepolcolombia.com\/portal2\/wp-content\/uploads\/2019\/09\/foto-servicio.png\" alt=\"\" \/><\/center><\/p>\n<table border=\"1\" width=\"100%\" cellspacing=\"0\" cellpadding=\"0\">\n<tbody>\n<tr>\n<td class=\"\" style=\"background-color: #9a0000;\" colspan=\"2\" data-label=\"\"><\/td>\n<td class=\"\" style=\"background-color: #9a0000; color: white; text-align: center;\" data-label=\"\">PRECIO<\/td>\n<\/tr>\n<tr>\n<td class=\"texto\" colspan=\"2\" data-label=\"\"><strong class=\"tlt\">1. CUOTA ANUAL<\/strong><\/td>\n<td class=\"texto\" style=\"text-align: center;\" colspan=\"1\" data-label=\"\"><strong class=\"tlt\">$720.000 <\/strong><\/td>\n<\/tr>\n<tr>\n<td class=\"\" style=\"background-color: #9a0000; text-align: left; color: white;\" colspan=\"3\" data-label=\"\">2. REGISTROS<\/td>\n<\/tr>\n<tr>\n<td class=\"texto\" colspan=\"2\" data-label=\"\">2.1 Tiquete para denuncio de nacimiento y solicitud de registro para ejemplares puros.<\/td>\n<td class=\"texto\" style=\"text-align: center;\" colspan=\"1\" data-label=\"\">$ 240.000<\/td>\n<\/tr>\n<tr>\n<td class=\"texto\" colspan=\"2\" data-label=\"\">2.2 Tiquete para denuncio de nacimiento y solicitud de certificado para ejemplares en absorci\u00f3n:<\/td>\n<td class=\"texto\" style=\"text-align: center;\" colspan=\"1\" data-label=\"\"><\/td>\n<\/tr>\n<tr>\n<td class=\"texto\" style=\"text-align: center;\" colspan=\"2\" data-label=\"\">2.2.1 Categor\u00eda S1<\/td>\n<td class=\"texto\" style=\"text-align: center;\" colspan=\"2\" data-label=\"\">$ 60.000<\/td>\n<\/tr>\n<tr>\n<td class=\"texto\" style=\"text-align: center;\" colspan=\"2\" data-label=\"\">2.2.2 Categor\u00eda S2<\/td>\n<td class=\"texto\" style=\"text-align: center;\" colspan=\"2\" data-label=\"\">$ 90.000<\/td>\n<\/tr>\n<tr>\n<td class=\"texto\" style=\"text-align: center;\" colspan=\"2\" data-label=\"\">2.2.3 Categor\u00eda S3<\/td>\n<td class=\"texto\" style=\"text-align: center;\" colspan=\"2\" data-label=\"\">$ 120.000<\/td>\n<\/tr>\n<tr>\n<td class=\"texto\" style=\"text-align: center;\" colspan=\"2\" data-label=\"\">2.2.4 Categor\u00eda S4<\/td>\n<td class=\"texto\" style=\"text-align: center;\" colspan=\"2\" data-label=\"\">$ 150.000<\/td>\n<\/tr>\n<tr>\n<td class=\"texto\" colspan=\"2\" data-label=\"\">2.3 Duplicado de Registro Macho y\/o Hembra (Correcci\u00f3n de Registro)<\/td>\n<td class=\"texto\" style=\"text-align: center;\" colspan=\"1\" data-label=\"\">$ 90.000<\/td>\n<\/tr>\n<tr>\n<td class=\"texto\" colspan=\"2\" data-label=\"\">2.4 Transferencia o traspaso de registro<\/td>\n<td class=\"texto\" style=\"text-align: center;\" colspan=\"1\" data-label=\"\">$ 150.000<\/td>\n<\/tr>\n<tr>\n<td class=\"texto\" colspan=\"2\" data-label=\"\">2.5 Penalidad por declaraci\u00f3n extrajuicio<\/td>\n<td class=\"texto\" style=\"text-align: center;\" colspan=\"1\" data-label=\"\">$ 1.000.000<\/td>\n<\/tr>\n<tr>\n<td class=\"texto\" colspan=\"2\" data-label=\"\">2.6 Registro para macho y\/o hembra extempor\u00e1neo puro o de programa de absorci\u00f3n<\/td>\n<td class=\"texto\" style=\"text-align: center;\" colspan=\"1\" data-label=\"\">Ver tabla de tarifas extempor\u00e1neos<\/td>\n<\/tr>\n<tr>\n<td class=\"texto\" colspan=\"2\" data-label=\"\">2.7 Nacionalizaci\u00f3n de Macho y \/ o Hembra importado<\/td>\n<td class=\"texto\" style=\"text-align: center;\" colspan=\"1\" data-label=\"\">$ 510.000<\/td>\n<\/tr>\n<tr>\n<td class=\"texto\" colspan=\"2\" data-label=\"\">2.8 Nacionalizaci\u00f3n de embri\u00f3n importado\/P+<\/td>\n<td class=\"texto\" style=\"text-align: center;\" colspan=\"1\" data-label=\"\">$ 288.000<\/td>\n<\/tr>\n<tr>\n<td class=\"texto\" colspan=\"2\" data-label=\"\">2.9 Formulario de Transferencia de embriones y Fecundaci\u00f3n In vitro<\/td>\n<td class=\"texto\" style=\"text-align: center;\" colspan=\"1\" data-label=\"\">$ 24.000<\/td>\n<\/tr>\n<tr>\n<td class=\"texto\" colspan=\"2\" data-label=\"\">2.10 Formulario de reporte de servicios (Monta Natural e Inseminaci\u00f3n Artificial)<\/td>\n<td class=\"texto\" style=\"text-align: center;\" colspan=\"1\" data-label=\"\">$ 24.000<\/td>\n<\/tr>\n<tr>\n<td class=\"texto\" colspan=\"2\" data-label=\"\">2.11 Genotipificaci\u00f3n + SLICK &gt; 24 Muestras<\/td>\n<td class=\"texto\" style=\"text-align: center;\" colspan=\"1\" data-label=\"\">$ 309.400<\/td>\n<\/tr>\n<tr>\n<td class=\"texto\" colspan=\"2\" data-label=\"\">2.12 Genotipificaci\u00f3n + SLICK (1 &#8211; 24 muestras)<\/td>\n<td class=\"texto\" style=\"text-align: center;\" colspan=\"1\" data-label=\"\">$ 385.800<\/td>\n<\/tr>\n<tr>\n<td class=\"texto\" colspan=\"2\" data-label=\"\">2.13 Prueba de filiaci\u00f3n dirigida<\/td>\n<td class=\"texto\" style=\"text-align: center;\" colspan=\"1\" data-label=\"\">$ 90.000<\/td>\n<\/tr>\n<tr>\n<td class=\"texto\" colspan=\"2\" data-label=\"\">2.14 Registro Full Blood<\/td>\n<td class=\"texto\" style=\"text-align: center;\" colspan=\"1\" data-label=\"\">$ 1.000.000<\/td>\n<\/tr>\n<tr>\n<td class=\"texto\" colspan=\"2\" data-label=\"\">2.15 Registro Pure Breed<\/td>\n<td class=\"texto\" style=\"text-align: center;\" colspan=\"1\" data-label=\"\">$ 1.000.000<\/td>\n<\/tr>\n<tr>\n<td class=\"texto\" colspan=\"2\" data-label=\"\">2.16 Match 1 parental conocido<\/td>\n<td class=\"texto\" style=\"text-align: center;\" colspan=\"1\" data-label=\"\">$ 226.562<\/td>\n<\/tr>\n<tr>\n<td class=\"texto\" colspan=\"2\" data-label=\"\">2.17 Match ambos parentales desconocidos<\/td>\n<td class=\"texto\" style=\"text-align: center;\" colspan=\"1\" data-label=\"\">$ 297.962<\/td>\n<\/tr>\n<tr>\n<td class=\"texto\" colspan=\"2\" data-label=\"\">2.18 Doble m\u00fasculo<\/td>\n<td class=\"texto\" style=\"text-align: center;\" colspan=\"1\" data-label=\"\">$511.700<\/td>\n<\/tr>\n<tr>\n<td class=\"\" style=\"background-color: #9a0000; text-align: left; color: white;\" colspan=\"3\" data-label=\"\">3. SERVICIOS<\/td>\n<\/tr>\n<tr>\n<td class=\"texto\" colspan=\"2\" data-label=\"\">Visita T\u00e9cnica (m\u00e1s vi\u00e1ticos del t\u00e9cnico)<\/td>\n<td class=\"texto\" style=\"text-align: center;\" colspan=\"1\" data-label=\"\">$ 800.000<\/td>\n<\/tr>\n<\/tbody>\n<\/table>\n<p>Recuerde que tiene 100 d\u00edas despu\u00e9s del nacimiento para reportarlo a la Asociaci\u00f3n, para evitar la extemporaneidad.<\/p>\n<p>En caso de ser socio nuevo (es aquel socio que ingresa por primera vez a la Asociaci\u00f3n Senepol) la extemporaneidad ser\u00e1 aplicada a partir de los seis meses posteriores a la primera visita t\u00e9cnica.<\/p>\n<p>&nbsp;<\/p>\n<table style=\"width: 50%;\">\n<tbody>\n<tr>\n<td class=\"\" style=\"background-color: #9a0000; color: white; text-align: left;\" colspan=\"2\" data-label=\"\">Escala de edad (meses)<\/td>\n<td class=\"\" style=\"background-color: #9a0000; color: white;\" colspan=\"2\" data-label=\"\">Valor por animal (pesos)<\/td>\n<\/tr>\n<tr>\n<td class=\"texto\" colspan=\"2\" data-label=\"\">101d\u00edas &#8211; 6<\/td>\n<td class=\"texto\" style=\"text-align: center;\" colspan=\"2\" data-label=\"\">$ 216.000<\/td>\n<\/tr>\n<tr>\n<td class=\"texto\" colspan=\"2\" data-label=\"\">6 &#8211; 12<\/td>\n<td class=\"texto\" style=\"text-align: center;\" colspan=\"2\" data-label=\"\">$ 345.600<\/td>\n<\/tr>\n<tr>\n<td class=\"texto\" colspan=\"2\" data-label=\"\">12 &#8211; 18<\/td>\n<td class=\"texto\" style=\"text-align: center;\" colspan=\"2\" data-label=\"\">$ 475.200<\/td>\n<\/tr>\n<tr>\n<td class=\"texto\" colspan=\"2\" data-label=\"\">18 &#8211; 24<\/td>\n<td class=\"texto\" style=\"text-align: center;\" colspan=\"2\" data-label=\"\">$ 604.800<\/td>\n<\/tr>\n<tr>\n<td class=\"texto\" colspan=\"2\" data-label=\"\">Mayor de 24<\/td>\n<td class=\"texto\" style=\"text-align: center;\" colspan=\"2\" data-label=\"\">$ 691.200<\/td>\n<\/tr>\n<\/tbody>\n<\/table>\n<p>&nbsp;<\/p>\n<ul>\n<li>El Miembro Honorario se debe encontrar a paz y salvo con la Asociaci\u00f3n para poder adquirir cualquier servicio que se encuentre en el portafolio de productos.<\/li>\n<li>Una vez el Miembro Honorario posea m\u00e1s de cinco animales puros, cambiar\u00e1 su estatus a Socio Activo y deber\u00e1 acogerse a la figura estipulada en los Estatutos de la Asociaci\u00f3n.<\/li>\n<li>En el caso de la Visita T\u00e9cnica, el valor de los vi\u00e1ticos corre por cuenta del Miembro Honorario; es decir al valor de la visita t\u00e9cnica se debe agregar los gastos de transporte, alimentaci\u00f3n y hospedaje.<\/li>\n<li>Le recordamos que por todo pago realizado a la Asociaci\u00f3n, se deber\u00e1 enviar copia de la consignaci\u00f3n al correo electr\u00f3nico para realizar la respectiva descarga del sistema, <u>contacto@asosenepolcolombia.com<\/u> o <u>contabilidad@asosenepolcolombia.com.<\/u><\/li>\n<\/ul>\n<style type=\"text\/css\" media=\"screen\">\n  table {<br \/>\/*border: 1px solid #ccc;*\/<br \/>border-collapse: collapse;<br \/>margin: 0;<br \/>padding: 0;<br \/>width: 100%;<br \/>table-layout: fixed;<br \/>}<br \/>table caption {<br \/>font-size: 1.5em;<br \/>margin: .5em 0 .75em;<br \/>}<br \/>table tr {<br \/>\/*background: #f8f8f8;*\/<br \/>\/*border: 1px solid;*\/<br \/>padding: .35em;<br \/>}<br \/>table td.titulo{<br \/>background-color: rgb(252, 229, 215);<br \/>border: 1px solid;<br \/>}<br \/>table td.texto{<br \/>background-color: white;<br \/>border: 1px solid;<br \/>text-align: left;<br \/>}<br \/>table td.txtInd{<br \/>background-color: white;<br \/>border: 1px solid;<br \/>}<br \/>table strong.tlt{<br \/>color: rgb(162, 0, 0);<br \/>}<br \/>table th,<br \/>table td {<br \/>padding: .625em;<br \/>text-align: center;<br \/>}<br \/>table th {<br \/>font-size: .85em;<br \/>letter-spacing: .1em;<br \/>background-color: rgb(154, 0, 0);<br \/>color: white;<br \/>font-weight: bold;<br \/>}<br \/>@media screen and (max-width: 600px) {<br \/>table {<br \/>border: 0;<br \/>}<br \/>table caption {<br \/>font-size: 1.3em;<br \/>}<br \/>\/*table thead{<br \/>border: none;<br \/>clip: rect(0 0 0 0);<br \/>height: 1px;<br \/>margin: -1px;<br \/>overflow: hidden;<br \/>padding: 0;<br \/>position: absolute;<br \/>width: 1px;<br \/>}*\/<br \/>table tr {<br \/>border-bottom: 3px solid #ddd;<br \/>display: block;<br \/>margin-bottom: .625em;<br \/>}<br \/>table td {<br \/>border-bottom: 1px solid #ddd;<br \/>display: block;<br \/>font-size: .8em;<br \/>text-align: right;<br \/>}<br \/>table td.titulo{<\/p>\n<p>background-color: rgb(252, 229, 215);<br \/>border: 1px solid;<br \/>}<br \/>table td:before {<br \/>\/*<br \/>* aria-label has no advantage, it won't be read inside a table<br \/>content: attr(aria-label);<br \/>*\/<br \/>content: attr(data-label);<br \/>float: left;<br \/>font-weight: bold;<br \/>text-transform: uppercase;<br \/>}<br \/>table td:last-child {<br \/>border-bottom: 0;<br \/>}<br \/>}<br \/>.tblimagen{<br \/>\/*border: 3px solid green;*\/<br \/>float: right;<br \/>width: 31%;<br \/>}<br \/>.tblimagen img{<br \/>width: 100%;<br \/>height: 475px;<br \/>}<br \/>.tablapdf{<br \/>\/*border: 3px solid pink;*\/<br \/>float: left;<br \/>width: 69%;<br \/>}<\/p>\n<p>.div{<br \/>\/*border:3px solid; *\/<br \/>height: 500px;<br \/>}<br \/>@media screen and (max-width: 768px) and (min-width: 320px){<br \/>.txtspan{<br \/>float: left;<br \/>}<br \/>.tblimagen{<br \/>float: none;<br \/>width: auto;<br \/>}<br \/>.tblimagen img{<br \/>width: auto;<br \/>height: 300px;<br \/>}<br \/>.tablapdf{<br \/>width: auto;<br \/>}<br \/>.div{<br \/>\/*border:3px solid; *\/<br \/>height: 1100px;<br \/>}<br \/>}<br \/><\/style>\n<div class=\"div\">\n<p>&nbsp;<\/p>\n<div class=\"tblimagen\">\n<p><img loading=\"lazy\" decoding=\"async\" width=\"238\" height=\"300\" class=\" wp-image-1361 alignleft\" src=\"http:\/\/asosenepolcolombia.com\/portal2\/wp-content\/uploads\/2017\/10\/senepol-238x300.jpg\" alt=\"\" srcset=\"https:\/\/asosenepolcolombia.com\/portal2\/wp-content\/uploads\/2017\/10\/senepol-238x300.jpg 238w, https:\/\/asosenepolcolombia.com\/portal2\/wp-content\/uploads\/2017\/10\/senepol.jpg 330w\" sizes=\"auto, (max-width: 238px) 100vw, 238px\" \/><\/p>\n<\/div>\n<\/div>\n<p><span class=\"txtspan\" style=\"color: #800000;\"><strong>DUPLICADO DE REGISTRO<\/strong><\/span><\/p>\n<p>Los duplicados solo los puede manejar un\u00a0<strong>Socio Activo<\/strong>\u00a0y aparecer\u00e1n con la palabra\u00a0<strong>COPIA<\/strong>\u00a0al respaldo.<br \/>\nLos errores cometidos por la oficina de la Asociaci\u00f3n, ser\u00e1n corregidos sin ning\u00fan costo; pero si fueron cometidos por el criador o por el propietario, se aplicar\u00e1 la tarifa vigente.<\/p>\n<p><span style=\"color: #800000;\"><strong>TRASPASO DE UN EJEMPLAR<\/strong><\/span><\/p>\n<p>El socio informa y solicita por medio de una carta la venta de un ejemplar especificando el nombre, identificaci\u00f3n, hacienda y ubicaci\u00f3n (Municipio y Departamento) del comprador, adjuntando el registro original. El registro es enviado al comprador o al vendedor de acuerdo con lo especificado por el vendedor. Este proceso se registra en la base de datos con los detalles del nuevo propietario.<\/p>\n<p><span style=\"color: #800000;\"><strong>MACHOS Y HEMBRAS IMPORTADOS<\/strong><\/span><\/p>\n<p>Para ser registrado en los libros geneal\u00f3gicos de la Asosenepol se debe realizar la solicitud de inscripci\u00f3n de ejemplares importados en la cual se adjuntar\u00e1:<br \/>\n<i class=\"fa fa-check-square-o\" aria-hidden=\"true\"><\/i> Registro geneal\u00f3gico original con el respectivo traspaso al propietario, expedido por la Asociaci\u00f3n del pa\u00eds de origen.<br \/>\n<i class=\"fa fa-check-square-o\" aria-hidden=\"true\"><\/i> Declaraci\u00f3n andina del valor en aduana.<br \/>\n<i class=\"fa fa-check-square-o\" aria-hidden=\"true\"><\/i> Registro de importaci\u00f3n.<br \/>\n<i class=\"fa fa-check-square-o\" aria-hidden=\"true\"><\/i> Factura de venta de la empresa en donde se compraron los animales.<br \/>\n<i class=\"fa fa-check-square-o\" aria-hidden=\"true\"><\/i> Certificado de inspecci\u00f3n sanitaria del ICA.<br \/>\n<i class=\"fa fa-check-square-o\" aria-hidden=\"true\"><\/i> Factura del permiso zoosanitario.<br \/>\n<i class=\"fa fa-check-square-o\" aria-hidden=\"true\"><\/i> Genotipificaci\u00f3n.<\/p>\n<p><span style=\"color: #800000;\"><strong>SEMEN PARA PROGRAMAS DE INSEMINACI\u00d3N<\/strong><\/span><\/p>\n<p>Para tramitar la nacionalizaci\u00f3n de semen importado de toro Senepol, cualquier persona natural o jur\u00eddica puede presentar al Departamento de Registros un oficio donde realice la solicitud de inscripci\u00f3n, anexando los siguientes documentos:<br \/>\n<i class=\"fa fa-check-square-o\" aria-hidden=\"true\"><\/i> Copia del registro geneal\u00f3gico del toro expedido por la Asociaci\u00f3n del pa\u00eds de origen.<br \/>\n<i class=\"fa fa-check-square-o\" aria-hidden=\"true\"><\/i> Registro de importaci\u00f3n.<br \/>\n<i class=\"fa fa-check-square-o\" aria-hidden=\"true\"><\/i> Permiso sanitario expedido por el ICA.<br \/>\n<i class=\"fa fa-check-square-o\" aria-hidden=\"true\"><\/i> Genotipificaci\u00f3n<br \/>\n<i class=\"fa fa-check-square-o\" aria-hidden=\"true\"><\/i> No tiene ning\u00fan costo.<\/p>\n<p><span style=\"color: #800000;\"><strong>EMBRIONES IMPORTADOS <\/strong><\/span><\/p>\n<p>El procedimiento para la inscripci\u00f3n de genealog\u00edas de embriones importados es el siguiente:<br \/>\n<i class=\"fa fa-check-square-o\" aria-hidden=\"true\"><\/i> Carta del vendedor de los embriones informando la venta de los mismos.<br \/>\n<i class=\"fa fa-check-square-o\" aria-hidden=\"true\"><\/i> Certificado de transferencia de embriones en donde se report\u00f3 el procedimiento del lavado de la donadora del pa\u00eds de origen.<br \/>\n<i class=\"fa fa-check-square-o\" aria-hidden=\"true\"><\/i> Copia del registro con la genealog\u00eda completa de los progenitores (padre y madre) expedida por la respectiva Asociaci\u00f3n.<br \/>\n<i class=\"fa fa-check-square-o\" aria-hidden=\"true\"><\/i> Genotipificaci\u00f3n.<br \/>\n<i class=\"fa fa-check-square-o\" aria-hidden=\"true\"><\/i> Permiso de importaci\u00f3n expedida por el ICA.<br \/>\n<i class=\"fa fa-check-square-o\" aria-hidden=\"true\"><\/i> Certificado de la DIAN.<br \/>\n<i class=\"fa fa-check-square-o\" aria-hidden=\"true\"><\/i> Reporte de la transferencia del embri\u00f3n en Colombia, debidamente diligenciado en el formulario de Asosenepol.<br \/>\n<i class=\"fa fa-check-square-o\" aria-hidden=\"true\"><\/i> Cancelar el valor correspondiente a la inscripci\u00f3n de la genealog\u00eda de embri\u00f3n importado.<\/p>\n<p><center><br \/>\n<strong>\u00a0El valor de los servicios adquiridos se deben consignar a nombre de AsoSenepol, en la Cuenta Corriente N\u00ba 558.034.096 Banco BBVA.<\/strong><\/center><\/div>\n<p>[\/vc_column_text][\/vc_column][\/vc_row]<\/p>\n","protected":false},"excerpt":{"rendered":"<p>[vc_row][vc_column][vc_column_text] Miembro Honorario Son ganaderos comerciales de la Asociaci\u00f3n, las personas naturales o jur\u00eddicas, que se dediquen a la ganader\u00eda, que deseen adquirir los servicios que presta la Asociaci\u00f3n, de acuerdo con lo dispuesto por la Junta Directiva y conforme lo estipulan los estatutos. Podr\u00e1n tener m\u00e1ximo 5 animales puros bajo esta figura. Dentro de&hellip; <a href=\"https:\/\/asosenepolcolombia.com\/portal2\/servicios-honorario\/\" class=\"more-link\">Continue reading <span class=\"screen-reader-text\">Servicios Honorario<\/span><\/a><\/p>\n","protected":false},"author":1,"featured_media":0,"parent":0,"menu_order":0,"comment_status":"closed","ping_status":"closed","template":"","meta":{"footnotes":""},"categories":[],"class_list":["post-2116","page","type-page","status-publish","hentry","without-featured-image"],"_links":{"self":[{"href":"https:\/\/asosenepolcolombia.com\/portal2\/wp-json\/wp\/v2\/pages\/2116","targetHints":{"allow":["GET"]}}],"collection":[{"href":"https:\/\/asosenepolcolombia.com\/portal2\/wp-json\/wp\/v2\/pages"}],"about":[{"href":"https:\/\/asosenepolcolombia.com\/portal2\/wp-json\/wp\/v2\/types\/page"}],"author":[{"embeddable":true,"href":"https:\/\/asosenepolcolombia.com\/portal2\/wp-json\/wp\/v2\/users\/1"}],"replies":[{"embeddable":true,"href":"https:\/\/asosenepolcolombia.com\/portal2\/wp-json\/wp\/v2\/comments?post=2116"}],"version-history":[{"count":13,"href":"https:\/\/asosenepolcolombia.com\/portal2\/wp-json\/wp\/v2\/pages\/2116\/revisions"}],"predecessor-version":[{"id":2708,"href":"https:\/\/asosenepolcolombia.com\/portal2\/wp-json\/wp\/v2\/pages\/2116\/revisions\/2708"}],"wp:attachment":[{"href":"https:\/\/asosenepolcolombia.com\/portal2\/wp-json\/wp\/v2\/media?parent=2116"}],"wp:term":[{"taxonomy":"category","embeddable":true,"href":"https:\/\/asosenepolcolombia.com\/portal2\/wp-json\/wp\/v2\/categories?post=2116"}],"curies":[{"name":"wp","href":"https:\/\/api.w.org\/{rel}","templated":true}]}}