{"id":412,"date":"2017-09-22T20:24:58","date_gmt":"2017-09-22T20:24:58","guid":{"rendered":"http:\/\/172.20.2.22\/wordpress\/?page_id=412"},"modified":"2024-09-16T17:03:21","modified_gmt":"2024-09-16T17:03:21","slug":"reglamentos","status":"publish","type":"page","link":"https:\/\/asosenepolcolombia.com\/portal2\/reglamentos\/","title":{"rendered":"Reglamentos AsoSenepol"},"content":{"rendered":"<p><img loading=\"lazy\" decoding=\"async\" class=\"alignnone wp-image-1720 size-full\" src=\"http:\/\/asosenepolcolombia.com\/wp-content\/uploads\/2017\/09\/FERIAS.png\" alt=\"\" width=\"1050\" height=\"93\" srcset=\"https:\/\/asosenepolcolombia.com\/portal2\/wp-content\/uploads\/2017\/09\/FERIAS.png 1050w, https:\/\/asosenepolcolombia.com\/portal2\/wp-content\/uploads\/2017\/09\/FERIAS-300x27.png 300w, https:\/\/asosenepolcolombia.com\/portal2\/wp-content\/uploads\/2017\/09\/FERIAS-768x68.png 768w, https:\/\/asosenepolcolombia.com\/portal2\/wp-content\/uploads\/2017\/09\/FERIAS-1024x91.png 1024w\" sizes=\"auto, (max-width: 1050px) 100vw, 1050px\" \/><\/p>\n<p>Que siendo misi\u00f3n de AsoSenepol Colombia posicionar la raza Senepol en el sector pecuario como la mejor alternativa en cruzamiento para el desarrollo de un tipo racial que fomente en los centros de producci\u00f3n ganadera un negocio altamente competitivo y siendo sus principales funciones guiar, vigilar y propender por el mejoramiento gen\u00e9tico de la raza.<\/p>\n<p><a href=\"http:\/\/asosenepolcolombia.com\/wp-content\/archivos\/REGLAMENTO DE FERIAS Y EXPOSICIONES SENEPOL.pdf\" target=\"_blank\" rel=\"noopener\"><img loading=\"lazy\" decoding=\"async\" class=\"alignnone wp-image-1037\" src=\"http:\/\/asosenepolcolombia.com\/wp-content\/uploads\/2017\/09\/pdf-281x300.png\" alt=\"\" width=\"54\" height=\"58\" srcset=\"https:\/\/asosenepolcolombia.com\/portal2\/wp-content\/uploads\/2017\/09\/pdf-281x300.png 281w, https:\/\/asosenepolcolombia.com\/portal2\/wp-content\/uploads\/2017\/09\/pdf.png 544w\" sizes=\"auto, (max-width: 54px) 100vw, 54px\" \/><span style=\"color: #000000;\">Decargar<\/span><\/a><\/p>\n<p><img loading=\"lazy\" decoding=\"async\" class=\"alignnone wp-image-1723 size-full\" src=\"http:\/\/asosenepolcolombia.com\/wp-content\/uploads\/2017\/09\/REGISTRO.png\" alt=\"\" width=\"1051\" height=\"93\" srcset=\"https:\/\/asosenepolcolombia.com\/portal2\/wp-content\/uploads\/2017\/09\/REGISTRO.png 1051w, https:\/\/asosenepolcolombia.com\/portal2\/wp-content\/uploads\/2017\/09\/REGISTRO-300x27.png 300w, https:\/\/asosenepolcolombia.com\/portal2\/wp-content\/uploads\/2017\/09\/REGISTRO-768x68.png 768w, https:\/\/asosenepolcolombia.com\/portal2\/wp-content\/uploads\/2017\/09\/REGISTRO-1024x91.png 1024w\" sizes=\"auto, (max-width: 1051px) 100vw, 1051px\" \/><\/p>\n<p>La Asociaci\u00f3n Colombiana de Criadores de Ganado Senepol y sus Cruces, en uso de sus facultades expide el siguiente reglamento de registros. Dicha Asociaci\u00f3n expedir\u00e1 los registros para ejemplares de la raza Senepol y certificados para los cruces en absorci\u00f3n, que cumplan a cabalidad con todos los requisitos que se determinan en el presente reglamento y que sean propiedad de los socios.<\/p>\n<p><a href=\"http:\/\/asosenepolcolombia.com\/wp-content\/archivos\/REGLAMENTO DE REGISTROS ASOSENEPOL 29-03-17.pdf\" target=\"_blank\" rel=\"noopener\"><img loading=\"lazy\" decoding=\"async\" class=\"alignnone wp-image-1037\" src=\"http:\/\/asosenepolcolombia.com\/portal2\/wp-content\/uploads\/2017\/09\/pdf-281x300.png\" alt=\"\" width=\"54\" height=\"58\" srcset=\"https:\/\/asosenepolcolombia.com\/portal2\/wp-content\/uploads\/2017\/09\/pdf-281x300.png 281w, https:\/\/asosenepolcolombia.com\/portal2\/wp-content\/uploads\/2017\/09\/pdf.png 544w\" sizes=\"auto, (max-width: 54px) 100vw, 54px\" \/><span style=\"color: #000000;\">Descargar<\/span><\/a><\/p>\n","protected":false},"excerpt":{"rendered":"<p>Que siendo misi\u00f3n de AsoSenepol Colombia posicionar la raza Senepol en el sector pecuario como la mejor alternativa en cruzamiento para el desarrollo de un tipo racial que fomente en los centros de producci\u00f3n ganadera un negocio altamente competitivo y siendo sus principales funciones guiar, vigilar y propender por el mejoramiento gen\u00e9tico de la raza.&hellip; <a href=\"https:\/\/asosenepolcolombia.com\/portal2\/reglamentos\/\" class=\"more-link\">Continue reading <span class=\"screen-reader-text\">Reglamentos AsoSenepol<\/span><\/a><\/p>\n","protected":false},"author":1,"featured_media":0,"parent":0,"menu_order":0,"comment_status":"closed","ping_status":"closed","template":"","meta":{"footnotes":""},"categories":[22],"class_list":["post-412","page","type-page","status-publish","hentry","category-asociacion","without-featured-image"],"_links":{"self":[{"href":"https:\/\/asosenepolcolombia.com\/portal2\/wp-json\/wp\/v2\/pages\/412","targetHints":{"allow":["GET"]}}],"collection":[{"href":"https:\/\/asosenepolcolombia.com\/portal2\/wp-json\/wp\/v2\/pages"}],"about":[{"href":"https:\/\/asosenepolcolombia.com\/portal2\/wp-json\/wp\/v2\/types\/page"}],"author":[{"embeddable":true,"href":"https:\/\/asosenepolcolombia.com\/portal2\/wp-json\/wp\/v2\/users\/1"}],"replies":[{"embeddable":true,"href":"https:\/\/asosenepolcolombia.com\/portal2\/wp-json\/wp\/v2\/comments?post=412"}],"version-history":[{"count":23,"href":"https:\/\/asosenepolcolombia.com\/portal2\/wp-json\/wp\/v2\/pages\/412\/revisions"}],"predecessor-version":[{"id":2736,"href":"https:\/\/asosenepolcolombia.com\/portal2\/wp-json\/wp\/v2\/pages\/412\/revisions\/2736"}],"wp:attachment":[{"href":"https:\/\/asosenepolcolombia.com\/portal2\/wp-json\/wp\/v2\/media?parent=412"}],"wp:term":[{"taxonomy":"category","embeddable":true,"href":"https:\/\/asosenepolcolombia.com\/portal2\/wp-json\/wp\/v2\/categories?post=412"}],"curies":[{"name":"wp","href":"https:\/\/api.w.org\/{rel}","templated":true}]}}