{"id":910,"date":"2017-10-03T16:51:05","date_gmt":"2017-10-03T16:51:05","guid":{"rendered":"http:\/\/172.20.250.125\/asosenepol\/?page_id=910"},"modified":"2017-10-24T21:14:31","modified_gmt":"2017-10-24T21:14:31","slug":"datos-curiosos","status":"publish","type":"page","link":"https:\/\/asosenepolcolombia.com\/portal2\/datos-curiosos\/","title":{"rendered":"Datos curiosos"},"content":{"rendered":"<h2 style=\"text-align: center;\"><strong><span style=\"color: #800000;\">PARTOS DIST\u00d3CICOS<\/span><\/strong><\/h2>\n<p class=\"parrafo\" style=\"text-align: center; font-size: 15pt;\">Las hembras Senepol no suelen presentar partos dist\u00f3cicos pues su conformaci\u00f3n anat\u00f3mica facilita el parto, sumado esto el tama\u00f1o de las cr\u00edas es &#8220;peque\u00f1o&#8221; con 30kg en promedio al nacimiento, con becerros vigorosos de buen desarrollo posterior.<\/p>\n<p><img loading=\"lazy\" decoding=\"async\" class=\"aligncenter wp-image-1420 size-large\" src=\"http:\/\/asosenepolcolombia.com\/portal2\/wp-content\/uploads\/2017\/10\/DatoC1-1024x427.jpg\" alt=\"\" width=\"825\" height=\"344\" srcset=\"https:\/\/asosenepolcolombia.com\/portal2\/wp-content\/uploads\/2017\/10\/DatoC1-1024x427.jpg 1024w, https:\/\/asosenepolcolombia.com\/portal2\/wp-content\/uploads\/2017\/10\/DatoC1-300x125.jpg 300w, https:\/\/asosenepolcolombia.com\/portal2\/wp-content\/uploads\/2017\/10\/DatoC1-768x320.jpg 768w, https:\/\/asosenepolcolombia.com\/portal2\/wp-content\/uploads\/2017\/10\/DatoC1.jpg 1200w\" sizes=\"auto, (max-width: 825px) 100vw, 825px\" \/><\/p>\n<h2 style=\"text-align: center;\"><span style=\"color: #800000;\"><strong>ESTRUCTURA CORPORAL<\/strong><\/span><\/h2>\n<p class=\"parrafo\" style=\"text-align: center; font-size: 15pt;\">En los animales Senepol puros, la estructura corporal deseable debe ser robusta, amplia y profunda, en forma de barril, con un gran desarrollo abdominal, de tama\u00f1o mediano, de esqueleto y musculatura fuerte y compacta.<\/p>\n<p><img loading=\"lazy\" decoding=\"async\" class=\"aligncenter wp-image-1421 size-large\" src=\"http:\/\/asosenepolcolombia.com\/portal2\/wp-content\/uploads\/2017\/10\/DatoC2-1024x427.jpg\" alt=\"\" width=\"825\" height=\"344\" srcset=\"https:\/\/asosenepolcolombia.com\/portal2\/wp-content\/uploads\/2017\/10\/DatoC2-1024x427.jpg 1024w, https:\/\/asosenepolcolombia.com\/portal2\/wp-content\/uploads\/2017\/10\/DatoC2-300x125.jpg 300w, https:\/\/asosenepolcolombia.com\/portal2\/wp-content\/uploads\/2017\/10\/DatoC2-768x320.jpg 768w, https:\/\/asosenepolcolombia.com\/portal2\/wp-content\/uploads\/2017\/10\/DatoC2.jpg 1200w\" sizes=\"auto, (max-width: 825px) 100vw, 825px\" \/><\/p>\n<p><!--nextpage--><\/p>\n<h2 style=\"text-align: center;\"><strong><span style=\"color: #800000;\">INSEMINACI\u00d3N SENEPOL<\/span><\/strong><\/h2>\n<p class=\"parrafo\" style=\"text-align: center; font-size: 15pt;\">Las hembras Senepol presentan un cuello uterino m\u00e1s recto, lo cual facilita la inseminaci\u00f3n, adem\u00e1s de presentar celos f\u00e1cilmente detectables aumentando las tasas de pre\u00f1ez.<\/p>\n<p><img loading=\"lazy\" decoding=\"async\" class=\"aligncenter wp-image-1423 size-large\" src=\"http:\/\/asosenepolcolombia.com\/portal2\/wp-content\/uploads\/2017\/10\/DatoC3-1024x427.jpg\" alt=\"\" width=\"825\" height=\"344\" srcset=\"https:\/\/asosenepolcolombia.com\/portal2\/wp-content\/uploads\/2017\/10\/DatoC3-1024x427.jpg 1024w, https:\/\/asosenepolcolombia.com\/portal2\/wp-content\/uploads\/2017\/10\/DatoC3-300x125.jpg 300w, https:\/\/asosenepolcolombia.com\/portal2\/wp-content\/uploads\/2017\/10\/DatoC3-768x320.jpg 768w, https:\/\/asosenepolcolombia.com\/portal2\/wp-content\/uploads\/2017\/10\/DatoC3.jpg 1200w\" sizes=\"auto, (max-width: 825px) 100vw, 825px\" \/><\/p>\n<h2 style=\"text-align: center;\"><span style=\"color: #800000;\"><strong>CRUCES GANADO SENEPOL<\/strong><\/span><\/h2>\n<p class=\"parrafo\" style=\"text-align: center; font-size: 15pt;\">El uso de ganado Senepol en cruces, disminuye el largo del pelo, caracter\u00edstica deseable para mejorar la tolerancia al calor en el tr\u00f3pico bajo.<\/p>\n<p><img loading=\"lazy\" decoding=\"async\" class=\"aligncenter wp-image-1425 size-large\" src=\"http:\/\/asosenepolcolombia.com\/portal2\/wp-content\/uploads\/2017\/10\/DatoC4-1024x427.jpg\" alt=\"\" width=\"825\" height=\"344\" srcset=\"https:\/\/asosenepolcolombia.com\/portal2\/wp-content\/uploads\/2017\/10\/DatoC4-1024x427.jpg 1024w, https:\/\/asosenepolcolombia.com\/portal2\/wp-content\/uploads\/2017\/10\/DatoC4-300x125.jpg 300w, https:\/\/asosenepolcolombia.com\/portal2\/wp-content\/uploads\/2017\/10\/DatoC4-768x320.jpg 768w, https:\/\/asosenepolcolombia.com\/portal2\/wp-content\/uploads\/2017\/10\/DatoC4.jpg 1200w\" sizes=\"auto, (max-width: 825px) 100vw, 825px\" \/><\/p>\n<p><!--nextpage--><\/p>\n<h2 style=\"text-align: center;\"><span style=\"color: #800000;\"><strong>CALIDAD DE LA CARNE SENEPOL<\/strong><\/span><\/h2>\n<p class=\"parrafo\" style=\"text-align: center; font-size: 15pt;\">La raza Senepol le aporta calidad a la carne, a los terneros de los cruzamientos.<\/p>\n<p><img loading=\"lazy\" decoding=\"async\" class=\"aligncenter wp-image-1427 size-large\" src=\"http:\/\/asosenepolcolombia.com\/portal2\/wp-content\/uploads\/2017\/10\/DatoC5-1024x427.jpg\" alt=\"\" width=\"825\" height=\"344\" srcset=\"https:\/\/asosenepolcolombia.com\/portal2\/wp-content\/uploads\/2017\/10\/DatoC5-1024x427.jpg 1024w, https:\/\/asosenepolcolombia.com\/portal2\/wp-content\/uploads\/2017\/10\/DatoC5-300x125.jpg 300w, https:\/\/asosenepolcolombia.com\/portal2\/wp-content\/uploads\/2017\/10\/DatoC5-768x320.jpg 768w, https:\/\/asosenepolcolombia.com\/portal2\/wp-content\/uploads\/2017\/10\/DatoC5.jpg 1200w\" sizes=\"auto, (max-width: 825px) 100vw, 825px\" \/><\/p>\n<h2 style=\"text-align: center;\"><span style=\"color: #800000;\"><strong>CALIDAD DE LA CARNE SENEPOL<\/strong><\/span><\/h2>\n<p class=\"parrafo\" style=\"text-align: center; font-size: 15pt;\">Los animales Senepol se caracterizan por su buena calidad de carne debido a la buena deposici\u00f3n de grasa en las fibras musculares.<\/p>\n<p><img loading=\"lazy\" decoding=\"async\" class=\"aligncenter wp-image-1431 size-large\" src=\"http:\/\/asosenepolcolombia.com\/portal2\/wp-content\/uploads\/2017\/10\/DatoC6-1024x427.jpg\" alt=\"\" width=\"825\" height=\"344\" srcset=\"https:\/\/asosenepolcolombia.com\/portal2\/wp-content\/uploads\/2017\/10\/DatoC6-1024x427.jpg 1024w, https:\/\/asosenepolcolombia.com\/portal2\/wp-content\/uploads\/2017\/10\/DatoC6-300x125.jpg 300w, https:\/\/asosenepolcolombia.com\/portal2\/wp-content\/uploads\/2017\/10\/DatoC6-768x320.jpg 768w, https:\/\/asosenepolcolombia.com\/portal2\/wp-content\/uploads\/2017\/10\/DatoC6.jpg 1200w\" sizes=\"auto, (max-width: 825px) 100vw, 825px\" \/><br \/>\n<!--nextpage--><\/p>\n<h2 style=\"text-align: center;\"><strong><span style=\"color: #800000;\">LA MEJOR OPCI\u00d3N PARA EL CRUZAMIENTO EN EL TR\u00d3PICO<\/span><\/strong><\/h2>\n<p class=\"parrafo\" style=\"text-align: center; font-size: 15pt;\">La raza Senepol est\u00e1 totalmente adaptada al tr\u00f3pico, y por ellos, es la mejor opci\u00f3n para usar en cruzamientos para producir cr\u00edas con alta adaptaci\u00f3n, precocidad, fertilidad, ganancia de peso y homogeneidad en su pelaje.<img loading=\"lazy\" decoding=\"async\" class=\"aligncenter wp-image-1435 size-large\" src=\"http:\/\/asosenepolcolombia.com\/portal2\/wp-content\/uploads\/2017\/10\/DatoC7-1024x427.jpg\" alt=\"\" width=\"825\" height=\"344\" srcset=\"https:\/\/asosenepolcolombia.com\/portal2\/wp-content\/uploads\/2017\/10\/DatoC7-1024x427.jpg 1024w, https:\/\/asosenepolcolombia.com\/portal2\/wp-content\/uploads\/2017\/10\/DatoC7-300x125.jpg 300w, https:\/\/asosenepolcolombia.com\/portal2\/wp-content\/uploads\/2017\/10\/DatoC7-768x320.jpg 768w, https:\/\/asosenepolcolombia.com\/portal2\/wp-content\/uploads\/2017\/10\/DatoC7.jpg 1200w\" sizes=\"auto, (max-width: 825px) 100vw, 825px\" \/><\/p>\n<h2 style=\"text-align: center;\"><span style=\"color: #800000;\"><strong>LAS VACAS ADULTAS<\/strong><\/span><\/h2>\n<p class=\"parrafo\" style=\"text-align: center; font-size: 15pt;\">Las vacas adultas Senepol pesan en general entre 450 y 550 kilogramos.<img loading=\"lazy\" decoding=\"async\" class=\"aligncenter wp-image-1438 size-large\" src=\"http:\/\/asosenepolcolombia.com\/portal2\/wp-content\/uploads\/2017\/10\/DatoC8-1024x427.jpg\" alt=\"\" width=\"825\" height=\"344\" srcset=\"https:\/\/asosenepolcolombia.com\/portal2\/wp-content\/uploads\/2017\/10\/DatoC8-1024x427.jpg 1024w, https:\/\/asosenepolcolombia.com\/portal2\/wp-content\/uploads\/2017\/10\/DatoC8-300x125.jpg 300w, https:\/\/asosenepolcolombia.com\/portal2\/wp-content\/uploads\/2017\/10\/DatoC8-768x320.jpg 768w, https:\/\/asosenepolcolombia.com\/portal2\/wp-content\/uploads\/2017\/10\/DatoC8.jpg 1200w\" sizes=\"auto, (max-width: 825px) 100vw, 825px\" \/><\/p>\n<p><!--nextpage--><\/p>\n<h2 style=\"text-align: center;\"><span style=\"color: #800000;\"><strong>ADAPTACI\u00d3N DE LA RAZA SENEPOL<\/strong><\/span><\/h2>\n<p class=\"parrafo\" style=\"text-align: center; font-size: 15pt;\">La raza Senepol se adapta perfectamente al tr\u00f3pico h\u00famedo, gracias a su pelo corto. Teniendo en cuenta que el 79% del territorio nacional es tr\u00f3pico h\u00famedo, la raza Senepol se convierte en la mejor opci\u00f3n para la producci\u00f3n c\u00e1rnica.\u00a0<img loading=\"lazy\" decoding=\"async\" class=\"aligncenter wp-image-1441 size-large\" src=\"http:\/\/asosenepolcolombia.com\/portal2\/wp-content\/uploads\/2017\/10\/DatoC10-1024x427.jpg\" alt=\"\" width=\"825\" height=\"344\" srcset=\"https:\/\/asosenepolcolombia.com\/portal2\/wp-content\/uploads\/2017\/10\/DatoC10-1024x427.jpg 1024w, https:\/\/asosenepolcolombia.com\/portal2\/wp-content\/uploads\/2017\/10\/DatoC10-300x125.jpg 300w, https:\/\/asosenepolcolombia.com\/portal2\/wp-content\/uploads\/2017\/10\/DatoC10-768x320.jpg 768w, https:\/\/asosenepolcolombia.com\/portal2\/wp-content\/uploads\/2017\/10\/DatoC10.jpg 1200w\" sizes=\"auto, (max-width: 825px) 100vw, 825px\" \/><\/p>\n<h2 style=\"text-align: center;\"><span style=\"color: #800000;\"><strong>GANADO SENEPOL <em>BOS TARUS<\/em> 100%<\/strong><\/span><\/h2>\n<p class=\"parrafo\" style=\"text-align: center; font-size: 15pt;\">El ganado Senepol siendo BOS TARUS 100%, tiene la gran cualidad de ser tolerante al calor, lo cual ha sido probado cient\u00edfica y emp\u00edricamente en diferentes pa\u00edses y climas tanto subtropicales como tropicales.<\/p>\n<p><img loading=\"lazy\" decoding=\"async\" class=\"aligncenter wp-image-1442 size-large\" src=\"http:\/\/asosenepolcolombia.com\/portal2\/wp-content\/uploads\/2017\/10\/DatoC11-1024x427.jpg\" alt=\"\" width=\"825\" height=\"344\" srcset=\"https:\/\/asosenepolcolombia.com\/portal2\/wp-content\/uploads\/2017\/10\/DatoC11-1024x427.jpg 1024w, https:\/\/asosenepolcolombia.com\/portal2\/wp-content\/uploads\/2017\/10\/DatoC11-300x125.jpg 300w, https:\/\/asosenepolcolombia.com\/portal2\/wp-content\/uploads\/2017\/10\/DatoC11-768x320.jpg 768w, https:\/\/asosenepolcolombia.com\/portal2\/wp-content\/uploads\/2017\/10\/DatoC11.jpg 1200w\" sizes=\"auto, (max-width: 825px) 100vw, 825px\" \/><br \/>\n<!--nextpage--><\/p>\n<h2 style=\"text-align: center;\"><span style=\"color: #800000;\"><strong>RESISTENCIA DE LA RAZA SENEPOL A LAS DIFERENTES CONDICIONES AMBIENTALES<\/strong><\/span><\/h2>\n<p class=\"parrafo\" style=\"text-align: center; font-size: 15pt;\">El ganado N\u00b4dama y las numerosas generaciones de selecci\u00f3n natural le proporcionaron a la raza SENEPOL su gran resistencia a las diferentes condiciones ambientales.<img loading=\"lazy\" decoding=\"async\" class=\"aligncenter wp-image-1447 size-large\" src=\"http:\/\/asosenepolcolombia.com\/portal2\/wp-content\/uploads\/2017\/10\/DatoC12-1024x427.jpg\" alt=\"\" width=\"825\" height=\"344\" srcset=\"https:\/\/asosenepolcolombia.com\/portal2\/wp-content\/uploads\/2017\/10\/DatoC12-1024x427.jpg 1024w, https:\/\/asosenepolcolombia.com\/portal2\/wp-content\/uploads\/2017\/10\/DatoC12-300x125.jpg 300w, https:\/\/asosenepolcolombia.com\/portal2\/wp-content\/uploads\/2017\/10\/DatoC12-768x320.jpg 768w, https:\/\/asosenepolcolombia.com\/portal2\/wp-content\/uploads\/2017\/10\/DatoC12.jpg 1200w\" sizes=\"auto, (max-width: 825px) 100vw, 825px\" \/><\/p>\n","protected":false},"excerpt":{"rendered":"<p>PARTOS DIST\u00d3CICOS Las hembras Senepol no suelen presentar partos dist\u00f3cicos pues su conformaci\u00f3n anat\u00f3mica facilita el parto, sumado esto el tama\u00f1o de las cr\u00edas es &#8220;peque\u00f1o&#8221; con 30kg en promedio al nacimiento, con becerros vigorosos de buen desarrollo posterior. ESTRUCTURA CORPORAL En los animales Senepol puros, la estructura corporal deseable debe ser robusta, amplia y&hellip; <a href=\"https:\/\/asosenepolcolombia.com\/portal2\/datos-curiosos\/\" class=\"more-link\">Continue reading <span class=\"screen-reader-text\">Datos curiosos<\/span><\/a><\/p>\n","protected":false},"author":1,"featured_media":0,"parent":0,"menu_order":0,"comment_status":"closed","ping_status":"closed","template":"","meta":{"footnotes":""},"categories":[26],"class_list":["post-910","page","type-page","status-publish","hentry","category-publicaciones","without-featured-image"],"_links":{"self":[{"href":"https:\/\/asosenepolcolombia.com\/portal2\/wp-json\/wp\/v2\/pages\/910","targetHints":{"allow":["GET"]}}],"collection":[{"href":"https:\/\/asosenepolcolombia.com\/portal2\/wp-json\/wp\/v2\/pages"}],"about":[{"href":"https:\/\/asosenepolcolombia.com\/portal2\/wp-json\/wp\/v2\/types\/page"}],"author":[{"embeddable":true,"href":"https:\/\/asosenepolcolombia.com\/portal2\/wp-json\/wp\/v2\/users\/1"}],"replies":[{"embeddable":true,"href":"https:\/\/asosenepolcolombia.com\/portal2\/wp-json\/wp\/v2\/comments?post=910"}],"version-history":[{"count":177,"href":"https:\/\/asosenepolcolombia.com\/portal2\/wp-json\/wp\/v2\/pages\/910\/revisions"}],"predecessor-version":[{"id":1782,"href":"https:\/\/asosenepolcolombia.com\/portal2\/wp-json\/wp\/v2\/pages\/910\/revisions\/1782"}],"wp:attachment":[{"href":"https:\/\/asosenepolcolombia.com\/portal2\/wp-json\/wp\/v2\/media?parent=910"}],"wp:term":[{"taxonomy":"category","embeddable":true,"href":"https:\/\/asosenepolcolombia.com\/portal2\/wp-json\/wp\/v2\/categories?post=910"}],"curies":[{"name":"wp","href":"https:\/\/api.w.org\/{rel}","templated":true}]}}